{"id":2725,"date":"2023-03-15T12:43:46","date_gmt":"2023-03-15T16:43:46","guid":{"rendered":"https:\/\/piscinemartinbanville.com\/pompe-pentair-superflo\/"},"modified":"2026-04-02T23:27:19","modified_gmt":"2026-04-03T03:27:19","slug":"pentair-superflo-pump","status":"publish","type":"page","link":"https:\/\/piscinemartinbanville.com\/en\/pentair-superflo-pump\/","title":{"rendered":"POMPE PENTAIR SUPERFLO"},"content":{"rendered":"<p><div class=\"fusion-fullwidth fullwidth-box fusion-builder-row-1 fusion-flex-container has-pattern-background has-mask-background nonhundred-percent-fullwidth non-hundred-percent-height-scrolling\" style=\"--awb-border-radius-top-left:0px;--awb-border-radius-top-right:0px;--awb-border-radius-bottom-right:0px;--awb-border-radius-bottom-left:0px;--awb-flex-wrap:wrap;\" ><div class=\"fusion-builder-row fusion-row fusion-flex-align-items-flex-start fusion-flex-content-wrap\" style=\"max-width:1248px;margin-left: calc(-4% \/ 2 );margin-right: calc(-4% \/ 2 );\"><div class=\"fusion-layout-column fusion_builder_column fusion-builder-column-0 fusion_builder_column_3_4 3_4 fusion-flex-column\" style=\"--awb-bg-size:cover;--awb-width-large:75%;--awb-margin-top-large:0px;--awb-spacing-right-large:2.56%;--awb-margin-bottom-large:20px;--awb-spacing-left-large:2.56%;--awb-width-medium:75%;--awb-order-medium:0;--awb-spacing-right-medium:2.56%;--awb-spacing-left-medium:2.56%;--awb-width-small:100%;--awb-order-small:0;--awb-spacing-right-small:1.92%;--awb-spacing-left-small:1.92%;\"><div class=\"fusion-column-wrapper fusion-column-has-shadow fusion-flex-justify-content-flex-start fusion-content-layout-column\"><div class=\"fusion-text fusion-text-1\"><p>La technologie \u00e0 vitesse variable est abordable. Elle convient aux piscines standards et permet des \u00e9conomies d\u2019\u00e9nergie pouvant aller jusqu\u2019\u00e0 80%.<\/p>\n<p>Les NOUVELLES SUPER POMPE VS 700 DE Hayward r\u00e9duisent les co\u00fbts d\u2019\u00e9nergie jusqu\u2019\u00e0 80 %*, comparativement aux pompes pour piscines traditionnelles. Elles sont fabriqu\u00e9es par l\u2019entreprise qui a lanc\u00e9 la technologie \u00e0 vitesse variable bien des ann\u00e9es avant tous les autres fabricants de pompes pour piscine. Avec des caract\u00e9ristiques haut de gamme comme une horloge en temps r\u00e9el 24 heures et une interface intuitive qui affiche les watts et les tr\/min, elles sont faciles \u00e0 programmer et \u00e0 utiliser. Gr\u00e2ce \u00e0 la SUPER POMPE VS, aucun besoin de d\u00e9penser une fortune pour profiter d\u2019\u00e9conomies substantielles sur votre facture d\u2019hydro Qu\u00e9bec. Elle est \u00e9conomique et peut remplacer des pompes standards. Aucune autre entreprise ne peut rencontrer notre performance dans le domaine et notre fiabilit\u00e9 \u00e9prouv\u00e9e, vous pouvez donc compter sur de nombreuses ann\u00e9es de service fiable. Pas surprenant que nous surpassions les ventes de toutes les pompes \u00e0 vitesse variable.<\/p>\n<\/div><\/div><\/div><div class=\"fusion-layout-column fusion_builder_column fusion-builder-column-1 fusion_builder_column_1_4 1_4 fusion-flex-column\" style=\"--awb-bg-size:cover;--awb-width-large:25%;--awb-margin-top-large:0px;--awb-spacing-right-large:7.68%;--awb-margin-bottom-large:20px;--awb-spacing-left-large:7.68%;--awb-width-medium:25%;--awb-order-medium:0;--awb-spacing-right-medium:7.68%;--awb-spacing-left-medium:7.68%;--awb-width-small:100%;--awb-order-small:0;--awb-spacing-right-small:1.92%;--awb-spacing-left-small:1.92%;\"><div class=\"fusion-column-wrapper fusion-column-has-shadow fusion-flex-justify-content-flex-start fusion-content-layout-column\"><div class=\"fusion-text fusion-text-2\"><p><img decoding=\"async\" class=\"alignnone wp-image-2430 size-full\" src=\"https:\/\/piscinemartinbanville.com\/wp-content\/uploads\/2023\/03\/unnamed.webp\" alt=\"Pentair SuperFlo pool pump Laval\" width=\"318\" height=\"286\" srcset=\"https:\/\/piscinemartinbanville.com\/wp-content\/uploads\/2023\/03\/unnamed-200x180.webp 200w, https:\/\/piscinemartinbanville.com\/wp-content\/uploads\/2023\/03\/unnamed-300x270.webp 300w, https:\/\/piscinemartinbanville.com\/wp-content\/uploads\/2023\/03\/unnamed.webp 318w\" sizes=\"(max-width: 318px) 100vw, 318px\" \/><\/p>\n<\/div><\/div><\/div><\/div><\/div><div class=\"fusion-fullwidth fullwidth-box fusion-builder-row-2 fusion-flex-container has-pattern-background has-mask-background nonhundred-percent-fullwidth non-hundred-percent-height-scrolling\" style=\"--awb-border-radius-top-left:0px;--awb-border-radius-top-right:0px;--awb-border-radius-bottom-right:0px;--awb-border-radius-bottom-left:0px;--awb-flex-wrap:wrap;\" ><div class=\"fusion-builder-row fusion-row fusion-flex-align-items-flex-start fusion-flex-content-wrap\" style=\"max-width:1248px;margin-left: calc(-4% \/ 2 );margin-right: calc(-4% \/ 2 );\"><div class=\"fusion-layout-column fusion_builder_column fusion-builder-column-2 fusion_builder_column_1_1 1_1 fusion-flex-column\" style=\"--awb-bg-size:cover;--awb-width-large:100%;--awb-margin-top-large:0px;--awb-spacing-right-large:1.92%;--awb-margin-bottom-large:20px;--awb-spacing-left-large:1.92%;--awb-width-medium:100%;--awb-order-medium:0;--awb-spacing-right-medium:1.92%;--awb-spacing-left-medium:1.92%;--awb-width-small:100%;--awb-order-small:0;--awb-spacing-right-small:1.92%;--awb-spacing-left-small:1.92%;\"><div class=\"fusion-column-wrapper fusion-column-has-shadow fusion-flex-justify-content-flex-start fusion-content-layout-column\"><div class=\"fusion-text fusion-text-3\"><h2><strong>CARACT\u00c9RISTIQUES: <\/strong><\/h2>\n<ul>\n<li>Seule pompe \u00e0 vitesse variable actuellement sur le march\u00e9 offrant une intensit\u00e9 de 115\/208-230 V et une capacit\u00e9 monophas\u00e9e de 50\/60 Hz.<\/li>\n<li>Tension nominale de fonctionnement allant de 110 V \u00e0 230 V.<\/li>\n<li>Id\u00e9ale pour la piscine standard requ\u00e9rant une pompe allant jusqu\u2019\u00e0 1,5 hp.<\/li>\n<li>Trois r\u00e9glages de vitesse de fonctionnement en plus d\u2019une fonction de surpassement.<\/li>\n<li>Elle fait partie de nos marques de produits Expert Line\u00ae : l\u2019un des choix d\u2019appareils les plus efficaces et \u00e9cologiques de Hayward.<\/li>\n<\/ul>\n<p>Hayward gagne le programme partenaire Energy Star de l\u2019ann\u00e9e 2022 et est r\u00e9compens\u00e9 pour l\u2019excellence et la performance \u00e9nerg\u00e9tique de ses produits.<\/p>\n<\/div><\/div><\/div><\/div><\/div><\/p>\n","protected":false},"excerpt":{"rendered":"","protected":false},"author":7,"featured_media":0,"parent":0,"menu_order":0,"comment_status":"closed","ping_status":"closed","template":"","meta":{"_acf_changed":false,"inline_featured_image":false,"footnotes":""},"class_list":["post-2725","page","type-page","status-publish","hentry"],"acf":[],"yoast_head":"<!-- This site is optimized with the Yoast SEO plugin v27.3 - https:\/\/yoast.com\/product\/yoast-seo-wordpress\/ -->\n<title>Pentair SuperFlo Pool Pump | Piscine Martin Banville<\/title>\n<meta name=\"description\" content=\"Pentair SuperFlo pool pump for inground pools in Laval. Energy-efficient, quiet, and high-performance. Fast installation by our certified technicians.\" \/>\n<meta name=\"robots\" content=\"index, follow, max-snippet:-1, max-image-preview:large, max-video-preview:-1\" \/>\n<link rel=\"canonical\" href=\"https:\/\/piscinemartinbanville.com\/en\/pentair-superflo-pump\/\" \/>\n<meta property=\"og:locale\" content=\"en_US\" \/>\n<meta property=\"og:type\" content=\"article\" \/>\n<meta property=\"og:title\" content=\"Pentair SuperFlo Pool Pump | Piscine Martin Banville\" \/>\n<meta property=\"og:description\" content=\"Pentair SuperFlo pool pump for inground pools in Laval. Energy-efficient, quiet, and high-performance. Fast installation by our certified technicians.\" \/>\n<meta property=\"og:url\" content=\"https:\/\/piscinemartinbanville.com\/en\/pentair-superflo-pump\/\" \/>\n<meta property=\"og:site_name\" content=\"Piscine Martin Banville\" \/>\n<meta property=\"article:modified_time\" content=\"2026-04-03T03:27:19+00:00\" \/>\n<meta property=\"og:image\" content=\"https:\/\/piscinemartinbanville.com\/wp-content\/uploads\/2023\/03\/unnamed.webp\" \/>\n\t<meta property=\"og:image:width\" content=\"318\" \/>\n\t<meta property=\"og:image:height\" content=\"286\" \/>\n\t<meta property=\"og:image:type\" content=\"image\/webp\" \/>\n<meta name=\"twitter:card\" content=\"summary_large_image\" \/>\n<meta name=\"twitter:label1\" content=\"Est. reading time\" \/>\n\t<meta name=\"twitter:data1\" content=\"2 minutes\" \/>\n<script type=\"application\/ld+json\" class=\"yoast-schema-graph\">{\"@context\":\"https:\\\/\\\/schema.org\",\"@graph\":[{\"@type\":\"WebPage\",\"@id\":\"https:\\\/\\\/piscinemartinbanville.com\\\/en\\\/pentair-superflo-pump\\\/\",\"url\":\"https:\\\/\\\/piscinemartinbanville.com\\\/en\\\/pentair-superflo-pump\\\/\",\"name\":\"Pentair SuperFlo Pool Pump | Piscine Martin Banville\",\"isPartOf\":{\"@id\":\"https:\\\/\\\/piscinemartinbanville.com\\\/en\\\/#website\"},\"primaryImageOfPage\":{\"@id\":\"https:\\\/\\\/piscinemartinbanville.com\\\/en\\\/pentair-superflo-pump\\\/#primaryimage\"},\"image\":{\"@id\":\"https:\\\/\\\/piscinemartinbanville.com\\\/en\\\/pentair-superflo-pump\\\/#primaryimage\"},\"thumbnailUrl\":\"https:\\\/\\\/piscinemartinbanville.com\\\/wp-content\\\/uploads\\\/2023\\\/03\\\/unnamed.webp\",\"datePublished\":\"2023-03-15T16:43:46+00:00\",\"dateModified\":\"2026-04-03T03:27:19+00:00\",\"description\":\"Pentair SuperFlo pool pump for inground pools in Laval. Energy-efficient, quiet, and high-performance. Fast installation by our certified technicians.\",\"breadcrumb\":{\"@id\":\"https:\\\/\\\/piscinemartinbanville.com\\\/en\\\/pentair-superflo-pump\\\/#breadcrumb\"},\"inLanguage\":\"en-US\",\"potentialAction\":[{\"@type\":\"ReadAction\",\"target\":[\"https:\\\/\\\/piscinemartinbanville.com\\\/en\\\/pentair-superflo-pump\\\/\"]}]},{\"@type\":\"ImageObject\",\"inLanguage\":\"en-US\",\"@id\":\"https:\\\/\\\/piscinemartinbanville.com\\\/en\\\/pentair-superflo-pump\\\/#primaryimage\",\"url\":\"https:\\\/\\\/piscinemartinbanville.com\\\/wp-content\\\/uploads\\\/2023\\\/03\\\/unnamed.webp\",\"contentUrl\":\"https:\\\/\\\/piscinemartinbanville.com\\\/wp-content\\\/uploads\\\/2023\\\/03\\\/unnamed.webp\"},{\"@type\":\"BreadcrumbList\",\"@id\":\"https:\\\/\\\/piscinemartinbanville.com\\\/en\\\/pentair-superflo-pump\\\/#breadcrumb\",\"itemListElement\":[{\"@type\":\"ListItem\",\"position\":1,\"name\":\"Home\",\"item\":\"https:\\\/\\\/piscinemartinbanville.com\\\/en\\\/\"},{\"@type\":\"ListItem\",\"position\":2,\"name\":\"POMPE PENTAIR SUPERFLO\"}]},{\"@type\":\"WebSite\",\"@id\":\"https:\\\/\\\/piscinemartinbanville.com\\\/en\\\/#website\",\"url\":\"https:\\\/\\\/piscinemartinbanville.com\\\/en\\\/\",\"name\":\"Piscine Martin Banville\",\"description\":\"Piscines en fibre de verre\",\"potentialAction\":[{\"@type\":\"SearchAction\",\"target\":{\"@type\":\"EntryPoint\",\"urlTemplate\":\"https:\\\/\\\/piscinemartinbanville.com\\\/en\\\/?s={search_term_string}\"},\"query-input\":{\"@type\":\"PropertyValueSpecification\",\"valueRequired\":true,\"valueName\":\"search_term_string\"}}],\"inLanguage\":\"en-US\"}]}<\/script>\n<!-- \/ Yoast SEO plugin. -->","yoast_head_json":{"title":"Pentair SuperFlo Pool Pump | Piscine Martin Banville","description":"Pentair SuperFlo pool pump for inground pools in Laval. Energy-efficient, quiet, and high-performance. Fast installation by our certified technicians.","robots":{"index":"index","follow":"follow","max-snippet":"max-snippet:-1","max-image-preview":"max-image-preview:large","max-video-preview":"max-video-preview:-1"},"canonical":"https:\/\/piscinemartinbanville.com\/en\/pentair-superflo-pump\/","og_locale":"en_US","og_type":"article","og_title":"Pentair SuperFlo Pool Pump | Piscine Martin Banville","og_description":"Pentair SuperFlo pool pump for inground pools in Laval. Energy-efficient, quiet, and high-performance. Fast installation by our certified technicians.","og_url":"https:\/\/piscinemartinbanville.com\/en\/pentair-superflo-pump\/","og_site_name":"Piscine Martin Banville","article_modified_time":"2026-04-03T03:27:19+00:00","og_image":[{"width":318,"height":286,"url":"https:\/\/piscinemartinbanville.com\/wp-content\/uploads\/2023\/03\/unnamed.webp","type":"image\/webp"}],"twitter_card":"summary_large_image","twitter_misc":{"Est. reading time":"2 minutes"},"schema":{"@context":"https:\/\/schema.org","@graph":[{"@type":"WebPage","@id":"https:\/\/piscinemartinbanville.com\/en\/pentair-superflo-pump\/","url":"https:\/\/piscinemartinbanville.com\/en\/pentair-superflo-pump\/","name":"Pentair SuperFlo Pool Pump | Piscine Martin Banville","isPartOf":{"@id":"https:\/\/piscinemartinbanville.com\/en\/#website"},"primaryImageOfPage":{"@id":"https:\/\/piscinemartinbanville.com\/en\/pentair-superflo-pump\/#primaryimage"},"image":{"@id":"https:\/\/piscinemartinbanville.com\/en\/pentair-superflo-pump\/#primaryimage"},"thumbnailUrl":"https:\/\/piscinemartinbanville.com\/wp-content\/uploads\/2023\/03\/unnamed.webp","datePublished":"2023-03-15T16:43:46+00:00","dateModified":"2026-04-03T03:27:19+00:00","description":"Pentair SuperFlo pool pump for inground pools in Laval. Energy-efficient, quiet, and high-performance. Fast installation by our certified technicians.","breadcrumb":{"@id":"https:\/\/piscinemartinbanville.com\/en\/pentair-superflo-pump\/#breadcrumb"},"inLanguage":"en-US","potentialAction":[{"@type":"ReadAction","target":["https:\/\/piscinemartinbanville.com\/en\/pentair-superflo-pump\/"]}]},{"@type":"ImageObject","inLanguage":"en-US","@id":"https:\/\/piscinemartinbanville.com\/en\/pentair-superflo-pump\/#primaryimage","url":"https:\/\/piscinemartinbanville.com\/wp-content\/uploads\/2023\/03\/unnamed.webp","contentUrl":"https:\/\/piscinemartinbanville.com\/wp-content\/uploads\/2023\/03\/unnamed.webp"},{"@type":"BreadcrumbList","@id":"https:\/\/piscinemartinbanville.com\/en\/pentair-superflo-pump\/#breadcrumb","itemListElement":[{"@type":"ListItem","position":1,"name":"Home","item":"https:\/\/piscinemartinbanville.com\/en\/"},{"@type":"ListItem","position":2,"name":"POMPE PENTAIR SUPERFLO"}]},{"@type":"WebSite","@id":"https:\/\/piscinemartinbanville.com\/en\/#website","url":"https:\/\/piscinemartinbanville.com\/en\/","name":"Piscine Martin Banville","description":"Piscines en fibre de verre","potentialAction":[{"@type":"SearchAction","target":{"@type":"EntryPoint","urlTemplate":"https:\/\/piscinemartinbanville.com\/en\/?s={search_term_string}"},"query-input":{"@type":"PropertyValueSpecification","valueRequired":true,"valueName":"search_term_string"}}],"inLanguage":"en-US"}]}},"_links":{"self":[{"href":"https:\/\/piscinemartinbanville.com\/en\/wp-json\/wp\/v2\/pages\/2725","targetHints":{"allow":["GET"]}}],"collection":[{"href":"https:\/\/piscinemartinbanville.com\/en\/wp-json\/wp\/v2\/pages"}],"about":[{"href":"https:\/\/piscinemartinbanville.com\/en\/wp-json\/wp\/v2\/types\/page"}],"author":[{"embeddable":true,"href":"https:\/\/piscinemartinbanville.com\/en\/wp-json\/wp\/v2\/users\/7"}],"replies":[{"embeddable":true,"href":"https:\/\/piscinemartinbanville.com\/en\/wp-json\/wp\/v2\/comments?post=2725"}],"version-history":[{"count":5,"href":"https:\/\/piscinemartinbanville.com\/en\/wp-json\/wp\/v2\/pages\/2725\/revisions"}],"predecessor-version":[{"id":4279,"href":"https:\/\/piscinemartinbanville.com\/en\/wp-json\/wp\/v2\/pages\/2725\/revisions\/4279"}],"wp:attachment":[{"href":"https:\/\/piscinemartinbanville.com\/en\/wp-json\/wp\/v2\/media?parent=2725"}],"curies":[{"name":"wp","href":"https:\/\/api.w.org\/{rel}","templated":true}]}}